{"id":442,"date":"2025-11-17T13:30:51","date_gmt":"2025-11-17T13:30:51","guid":{"rendered":"https:\/\/monkadesignstudio.com\/?page_id=442"},"modified":"2025-11-17T17:10:21","modified_gmt":"2025-11-17T17:10:21","slug":"declaracion-de-accesibilidad","status":"publish","type":"page","link":"https:\/\/monkadesignstudio.com\/es\/declaracion-de-accesibilidad\/","title":{"rendered":"Declaraci\u00f3n de Accesibilidad"},"content":{"rendered":"\n<div class=\"section-py hero-std gb-element-782f9cd7\">\n<div class=\"gb-element-c1a3554b\">\n<h1 class=\"gb-text animate-on-scroll fadeInDown animate-delay-2 gb-text-6ae5ba73\">Declaraci\u00f3n de Accesibilidad<\/h1>\n<\/div>\n<\/div>\n\n\n\n<div class=\"section-py\">\n<div class=\"gb-element-a18881a4\">\n<p><strong>Mar\u00eda Monle\u00f3n Capit\u00e1n<\/strong><br>\n\t\t\t<strong>NIF:<\/strong> 20469254J<br>\n\t\t\t<strong>Domicilio:<\/strong> Avda. Espa\u00f1a n.6, 1A, 11600 Ubrique, C\u00e1diz, Espa\u00f1a<\/p>\n\n\n\n<p>Mar\u00eda Monle\u00f3n Capit\u00e1n se ha comprometido a hacer accesible su sitio web, de conformidad con el Real Decreto 1112\/2018, de 7 de septiembre, sobre accesibilidad de los sitios web y aplicaciones para dispositivos m\u00f3viles del sector p\u00fablico.<\/p>\n\n\n\n<p>Esta declaraci\u00f3n de accesibilidad se aplica a:<br>\n\t\t\t<strong><a href=\"https:\/\/monkadesignstudio.com\/\">https:\/\/monkadesignstudio.com\/<\/a><\/strong><\/p>\n\n\n\n<p>Este sitio web es plenamente conforme con los criterios de accesibilidad de la norma UNE-EN 301549:2022.<\/p>\n\n\n\n<hr class=\"wp-block-separator has-alpha-channel-opacity\"\/>\n\n\n\n<h3 class=\"wp-block-heading\">PREPARACI\u00d3N DE LA PRESENTE DECLARACI\u00d3N DE ACCESIBILIDAD<\/h3>\n\n\n\n<p>Esta declaraci\u00f3n fue preparada el <strong>17\/11\/2025<\/strong> mediante una autoevaluaci\u00f3n llevada a cabo por la propia organizaci\u00f3n.<br>\n\t\t\t\u00daltima revisi\u00f3n de la declaraci\u00f3n: <strong>17\/11\/2025<\/strong>.<\/p>\n\n\n\n<hr class=\"wp-block-separator has-alpha-channel-opacity\"\/>\n\n\n\n<h3 class=\"wp-block-heading\">OBSERVACIONES Y DATOS DE CONTACTO<\/h3>\n\n\n\n<p>Puede comunicar incidencias relacionadas con la accesibilidad de este sitio web (seg\u00fan el art\u00edculo 10.2.a del RD 1112\/2018), como por ejemplo:<\/p>\n\n\n\n<ul class=\"wp-block-list\">\n<li>Informar sobre cualquier posible incumplimiento por parte del sitio web.<\/li>\n\n\n\n<li>Transmitir otras dificultades de acceso al contenido.<\/li>\n\n\n\n<li>Formular consultas o sugerencias de mejora relativas a la accesibilidad.<\/li>\n<\/ul>\n\n\n\n<p>Puede hacerlo a trav\u00e9s del formulario de contacto de la web, o mediante:<\/p>\n\n\n\n<ul class=\"wp-block-list\">\n<li><strong>Correo electr\u00f3nico:<\/strong> <a href=\"mailto:maria@monkadesignstudio.com\">maria@monkadesignstudio.com<\/a><\/li>\n<\/ul>\n\n\n\n<p>Tambi\u00e9n puede presentar:<\/p>\n\n\n\n<ul class=\"wp-block-list\">\n<li>Una queja relativa al cumplimiento de los requisitos del RD 1112\/2018.<\/li>\n\n\n\n<li>Una solicitud de informaci\u00f3n accesible sobre:\n<ul class=\"wp-block-list\">\n<li>Contenidos excluidos del \u00e1mbito de aplicaci\u00f3n del RD 1112\/2018.<\/li>\n\n\n\n<li>Contenidos exentos del cumplimiento de los requisitos de accesibilidad por imponer una carga desproporcionada.<\/li>\n<\/ul>\n<\/li>\n<\/ul>\n\n\n\n<p>En la solicitud deber\u00e1 especificar con claridad los hechos, razones y petici\u00f3n concreta que permitan verificar que se trata de una solicitud razonable y leg\u00edtima.<\/p>\n\n\n\n<hr class=\"wp-block-separator has-alpha-channel-opacity\"\/>\n\n\n\n<h3 class=\"wp-block-heading\">PROCEDIMIENTO DE APLICACI\u00d3N<\/h3>\n\n\n\n<p>Si una solicitud o queja es desestimada, no se est\u00e1 de acuerdo con la decisi\u00f3n adoptada o no se ha obtenido respuesta en el plazo de veinte d\u00edas h\u00e1biles, la persona interesada podr\u00e1 presentar una reclamaci\u00f3n.<\/p>\n\n\n\n<p>Esta reclamaci\u00f3n puede presentarse a trav\u00e9s de la Instancia Gen\u00e9rica en la sede electr\u00f3nica del Ministerio de Asuntos Econ\u00f3micos y Transformaci\u00f3n Digital, o mediante cualquiera de los medios previstos en la Ley 39\/2015, del Procedimiento Administrativo Com\u00fan de las Administraciones P\u00fablicas.<\/p>\n\n\n\n<p>Las reclamaciones ser\u00e1n tratadas por la Subdirecci\u00f3n General de Inspecci\u00f3n de Servicios del Ministerio.<\/p>\n\n\n\n<hr class=\"wp-block-separator has-alpha-channel-opacity\"\/>\n\n\n\n<h3 class=\"wp-block-heading\">CONTENIDO OPCIONAL<\/h3>\n\n\n\n<p>Este portal est\u00e1 dise\u00f1ado para permitir cambiar el tama\u00f1o del texto y el color, as\u00ed como el fondo de la p\u00e1gina, utilizando las opciones est\u00e1ndar de los navegadores:<\/p>\n\n\n\n<p><strong>Cambiar el tama\u00f1o del texto<\/strong><\/p>\n\n\n\n<ul class=\"wp-block-list\">\n<li>Internet Explorer, Mozilla y Firefox: <strong>Ver &gt; Tama\u00f1o del texto<\/strong><\/li>\n\n\n\n<li>Opera: <strong>Ver &gt; Zoom<\/strong><\/li>\n\n\n\n<li>Safari: <strong>Ver &gt; Hacer el texto m\u00e1s grande<\/strong><\/li>\n\n\n\n<li>Chrome: <strong>Men\u00fa &gt; Tama\u00f1o del texto<\/strong><\/li>\n<\/ul>\n\n\n\n<p>Tambi\u00e9n se pueden usar los siguientes atajos de teclado:<\/p>\n\n\n\n<ul class=\"wp-block-list\">\n<li><strong>Ctrl + +<\/strong> \u2192 Aumentar tama\u00f1o<\/li>\n\n\n\n<li><strong>Ctrl + \u2013<\/strong> \u2192 Disminuir tama\u00f1o<\/li>\n\n\n\n<li><strong>Ctrl + 0<\/strong> \u2192 Restaurar tama\u00f1o original<\/li>\n<\/ul>\n\n\n\n<p>Para anular la hoja de estilos o modificar colores del texto, puede consultar esta gu\u00eda de la WAI traducida al espa\u00f1ol:<br>\n\t\t\t<a href=\"https:\/\/www.w3.org\/WAI\/users\/browsing\/\">\u00bfC\u00f3mo cambiar el tama\u00f1o del texto o colores?<\/a><\/p>\n<\/div>\n<\/div>\n","protected":false},"excerpt":{"rendered":"<p>Declaraci\u00f3n de Accesibilidad Mar\u00eda Monle\u00f3n Capit\u00e1n NIF: 20469254J Domicilio: Avda. Espa\u00f1a n.6, 1A, 11600 Ubrique, C\u00e1diz, Espa\u00f1a Mar\u00eda Monle\u00f3n Capit\u00e1n se ha comprometido a hacer accesible su sitio web, de conformidad con el Real Decreto 1112\/2018, de 7 de septiembre, sobre accesibilidad de los sitios web y aplicaciones para dispositivos m\u00f3viles del sector p\u00fablico. Esta &#8230; <a title=\"Declaraci\u00f3n de Accesibilidad\" class=\"read-more\" href=\"https:\/\/monkadesignstudio.com\/es\/declaracion-de-accesibilidad\/\" aria-label=\"Leer m\u00e1s sobre Declaraci\u00f3n de Accesibilidad\">Leer m\u00e1s<\/a><\/p>\n","protected":false},"author":1,"featured_media":0,"parent":0,"menu_order":0,"comment_status":"closed","ping_status":"closed","template":"","meta":{"inline_featured_image":false,"footnotes":""},"class_list":["post-442","page","type-page","status-publish"],"_links":{"self":[{"href":"https:\/\/monkadesignstudio.com\/es\/wp-json\/wp\/v2\/pages\/442","targetHints":{"allow":["GET"]}}],"collection":[{"href":"https:\/\/monkadesignstudio.com\/es\/wp-json\/wp\/v2\/pages"}],"about":[{"href":"https:\/\/monkadesignstudio.com\/es\/wp-json\/wp\/v2\/types\/page"}],"author":[{"embeddable":true,"href":"https:\/\/monkadesignstudio.com\/es\/wp-json\/wp\/v2\/users\/1"}],"replies":[{"embeddable":true,"href":"https:\/\/monkadesignstudio.com\/es\/wp-json\/wp\/v2\/comments?post=442"}],"version-history":[{"count":2,"href":"https:\/\/monkadesignstudio.com\/es\/wp-json\/wp\/v2\/pages\/442\/revisions"}],"predecessor-version":[{"id":448,"href":"https:\/\/monkadesignstudio.com\/es\/wp-json\/wp\/v2\/pages\/442\/revisions\/448"}],"wp:attachment":[{"href":"https:\/\/monkadesignstudio.com\/es\/wp-json\/wp\/v2\/media?parent=442"}],"curies":[{"name":"wp","href":"https:\/\/api.w.org\/{rel}","templated":true}]}}