{"id":424,"date":"2025-10-24T17:43:03","date_gmt":"2025-10-24T17:43:03","guid":{"rendered":"https:\/\/monkadesignstudio.com\/home-page\/"},"modified":"2025-11-17T17:08:41","modified_gmt":"2025-11-17T17:08:41","slug":"inicio","status":"publish","type":"page","link":"https:\/\/monkadesignstudio.com\/es\/","title":{"rendered":"Inicio"},"content":{"rendered":"\n<div class=\"gb-element-7e446762\" style=\"--inline-bg-image: url( )\">\n<div class=\"fadeIn animate-on-scroll animate-delay-1 gb-element-fc10d367\" style=\"--inline-bg-image: url(https:\/\/monkadesignstudio.com\/wp-content\/uploads\/2025\/11\/bolso-monka-hero.jpg)\">\n<div class=\"gb-element-74926c37\">\n<h1 class=\"gb-text fadeInUp animate-on-scroll animate-delay-2 gb-text-b6630f91\">Elaboraci\u00f3n de art\u00edculos de cuero de excelencia<\/h1>\n\n\n\n<p class=\"gb-text fadeInUp animate-on-scroll animate-delay-2 gb-text-95957fe5\"><strong>DESARROLLO DE PRODUCTO, GESTI\u00d3N DE PRODUCCI\u00d3N Y CONTROL DE CALIDAD<\/strong> para <strong>MARCAS DE MARROQUINER\u00cdA<\/strong> del sector del lujo.<\/p>\n\n\n\n<a class=\"gb-text fadeInDown animate-on-scroll animate-delay-3 gb-text-eec90e09\" href=\"https:\/\/monkadesignstudio.com\/es\/servicios\/\" aria-label=\"Know our services\">Conoce nuestros servicios<\/a>\n<\/div>\n<\/div>\n<\/div>\n\n\n\n<div class=\"section-py\">\n<div class=\"gb-element-7e80d49a\">\n<p class=\"gb-text fadeInDown animate-on-scroll animate-delay-1 gb-text-5e0ba2e7\">Con m\u00e1s de una d\u00e9cada en el mundo de la piel y la marroquiner\u00eda y con una gran red de f\u00e1bricas y proveedores, <strong>AYUDAMOS A LAS MARCAS DE LUJO A CREAR PRODUCTOS DE ALTA CALIDAD <\/strong>en <strong>UBRIQUE.&nbsp;<\/strong><\/p>\n<\/div>\n<\/div>\n\n\n\n<div class=\"featured-clients section-py gb-element-e9802353\">\n<div class=\"gb-element-3fee825c\">\n<h2 class=\"gb-text animate-on-scroll animate-delay-1 fadeInDown gb-text-83240d45\">Clientes<\/h2>\n\n\n\n<div class=\"gb-element-2a89e668\">\n<img loading=\"lazy\" decoding=\"async\" width=\"434\" height=\"182\" class=\"animate-on-scroll fadeIn gb-media-db802ce2\" alt=\"logo Lemaire\" src=\"https:\/\/monkadesignstudio.com\/wp-content\/uploads\/2025\/11\/lemaire.jpg\" title=\"lemaire\" srcset=\"https:\/\/monkadesignstudio.com\/wp-content\/uploads\/2025\/11\/lemaire.jpg 434w, https:\/\/monkadesignstudio.com\/wp-content\/uploads\/2025\/11\/lemaire-300x126.jpg 300w\" sizes=\"auto, (max-width: 434px) 100vw, 434px\" \/>\n\n\n\n<img loading=\"lazy\" decoding=\"async\" width=\"434\" height=\"182\" class=\"animate-on-scroll fadeIn animate-delay-1 gb-media-0cbae718\" alt=\"logo patou\" src=\"https:\/\/monkadesignstudio.com\/wp-content\/uploads\/2025\/11\/patou.jpg\" title=\"patou\" srcset=\"https:\/\/monkadesignstudio.com\/wp-content\/uploads\/2025\/11\/patou.jpg 434w, https:\/\/monkadesignstudio.com\/wp-content\/uploads\/2025\/11\/patou-300x126.jpg 300w\" sizes=\"auto, (max-width: 434px) 100vw, 434px\" \/>\n\n\n\n<img loading=\"lazy\" decoding=\"async\" width=\"434\" height=\"182\" class=\"animate-on-scroll fadeIn animate-delay-2 gb-media-f627c6fc\" alt=\"logo audette\" src=\"https:\/\/monkadesignstudio.com\/wp-content\/uploads\/2025\/11\/audete.jpg\" title=\"audete\" srcset=\"https:\/\/monkadesignstudio.com\/wp-content\/uploads\/2025\/11\/audete.jpg 434w, https:\/\/monkadesignstudio.com\/wp-content\/uploads\/2025\/11\/audete-300x126.jpg 300w\" sizes=\"auto, (max-width: 434px) 100vw, 434px\" \/>\n\n\n\n<img loading=\"lazy\" decoding=\"async\" width=\"434\" height=\"182\" class=\"animate-on-scroll animate-delay-3 fadeIn gb-media-66c8e5b9\" alt=\"logo marie adam\" src=\"https:\/\/monkadesignstudio.com\/wp-content\/uploads\/2025\/11\/marie.jpg\" title=\"marie\" srcset=\"https:\/\/monkadesignstudio.com\/wp-content\/uploads\/2025\/11\/marie.jpg 434w, https:\/\/monkadesignstudio.com\/wp-content\/uploads\/2025\/11\/marie-300x126.jpg 300w\" sizes=\"auto, (max-width: 434px) 100vw, 434px\" \/>\n\n\n\n<img loading=\"lazy\" decoding=\"async\" width=\"434\" height=\"182\" class=\"animate-on-scroll fadeIn gb-media-5d45f9c8\" alt=\"logo sarahlevy\" src=\"https:\/\/monkadesignstudio.com\/wp-content\/uploads\/2025\/11\/sarahlevy.jpg\" title=\"sarahlevy\" srcset=\"https:\/\/monkadesignstudio.com\/wp-content\/uploads\/2025\/11\/sarahlevy.jpg 434w, https:\/\/monkadesignstudio.com\/wp-content\/uploads\/2025\/11\/sarahlevy-300x126.jpg 300w\" sizes=\"auto, (max-width: 434px) 100vw, 434px\" \/>\n\n\n\n<img loading=\"lazy\" decoding=\"async\" width=\"434\" height=\"182\" class=\"animate-on-scroll fadeIn animate-delay-1 gb-media-e698bc2b\" alt=\"logo loue studio\" src=\"https:\/\/monkadesignstudio.com\/wp-content\/uploads\/2025\/11\/loue-studio.jpg\" title=\"loue-studio\" srcset=\"https:\/\/monkadesignstudio.com\/wp-content\/uploads\/2025\/11\/loue-studio.jpg 434w, https:\/\/monkadesignstudio.com\/wp-content\/uploads\/2025\/11\/loue-studio-300x126.jpg 300w\" sizes=\"auto, (max-width: 434px) 100vw, 434px\" \/>\n\n\n\n<img loading=\"lazy\" decoding=\"async\" width=\"434\" height=\"182\" class=\"animate-on-scroll animate-delay-2 fadeIn gb-media-de8ca18e\" alt=\"logo Faure le page\" src=\"https:\/\/monkadesignstudio.com\/wp-content\/uploads\/2025\/11\/faure_le_page.jpg\" title=\"faure_le_page\" srcset=\"https:\/\/monkadesignstudio.com\/wp-content\/uploads\/2025\/11\/faure_le_page.jpg 434w, https:\/\/monkadesignstudio.com\/wp-content\/uploads\/2025\/11\/faure_le_page-300x126.jpg 300w\" sizes=\"auto, (max-width: 434px) 100vw, 434px\" \/>\n\n\n\n<img loading=\"lazy\" decoding=\"async\" width=\"434\" height=\"182\" class=\"animate-on-scroll fadeIn animate-delay-3 gb-media-126e3ea3\" alt=\"logo rhia London\" src=\"https:\/\/monkadesignstudio.com\/wp-content\/uploads\/2025\/11\/rhia.jpg\" title=\"rhia\" srcset=\"https:\/\/monkadesignstudio.com\/wp-content\/uploads\/2025\/11\/rhia.jpg 434w, https:\/\/monkadesignstudio.com\/wp-content\/uploads\/2025\/11\/rhia-300x126.jpg 300w\" sizes=\"auto, (max-width: 434px) 100vw, 434px\" \/>\n<\/div>\n<\/div>\n<\/div>\n\n\n\n<p><\/p>\n","protected":false},"excerpt":{"rendered":"<p>Elaboraci\u00f3n de art\u00edculos de cuero de excelencia DESARROLLO DE PRODUCTO, GESTI\u00d3N DE PRODUCCI\u00d3N Y CONTROL DE CALIDAD para MARCAS DE MARROQUINER\u00cdA del sector del lujo. Conoce nuestros servicios Con m\u00e1s de una d\u00e9cada en el mundo de la piel y la marroquiner\u00eda y con una gran red de f\u00e1bricas y proveedores, AYUDAMOS A LAS MARCAS &#8230; <a title=\"Inicio\" class=\"read-more\" href=\"https:\/\/monkadesignstudio.com\/es\/\" aria-label=\"Leer m\u00e1s sobre Inicio\">Leer m\u00e1s<\/a><\/p>\n","protected":false},"author":2,"featured_media":426,"parent":0,"menu_order":0,"comment_status":"closed","ping_status":"closed","template":"","meta":{"inline_featured_image":false,"footnotes":""},"class_list":["post-424","page","type-page","status-publish","has-post-thumbnail"],"_links":{"self":[{"href":"https:\/\/monkadesignstudio.com\/es\/wp-json\/wp\/v2\/pages\/424","targetHints":{"allow":["GET"]}}],"collection":[{"href":"https:\/\/monkadesignstudio.com\/es\/wp-json\/wp\/v2\/pages"}],"about":[{"href":"https:\/\/monkadesignstudio.com\/es\/wp-json\/wp\/v2\/types\/page"}],"author":[{"embeddable":true,"href":"https:\/\/monkadesignstudio.com\/es\/wp-json\/wp\/v2\/users\/2"}],"replies":[{"embeddable":true,"href":"https:\/\/monkadesignstudio.com\/es\/wp-json\/wp\/v2\/comments?post=424"}],"version-history":[{"count":4,"href":"https:\/\/monkadesignstudio.com\/es\/wp-json\/wp\/v2\/pages\/424\/revisions"}],"predecessor-version":[{"id":467,"href":"https:\/\/monkadesignstudio.com\/es\/wp-json\/wp\/v2\/pages\/424\/revisions\/467"}],"wp:featuredmedia":[{"embeddable":true,"href":"https:\/\/monkadesignstudio.com\/es\/wp-json\/wp\/v2\/media\/426"}],"wp:attachment":[{"href":"https:\/\/monkadesignstudio.com\/es\/wp-json\/wp\/v2\/media?parent=424"}],"curies":[{"name":"wp","href":"https:\/\/api.w.org\/{rel}","templated":true}]}}