{"id":420,"date":"2025-11-11T12:54:36","date_gmt":"2025-11-11T12:54:36","guid":{"rendered":"https:\/\/monkadesignstudio.com\/contact\/"},"modified":"2025-11-17T17:11:31","modified_gmt":"2025-11-17T17:11:31","slug":"contacto","status":"publish","type":"page","link":"https:\/\/monkadesignstudio.com\/es\/contacto\/","title":{"rendered":"Contacto"},"content":{"rendered":"\n<div class=\"section-py hero-std gb-element-782f9cd7\">\n<div class=\"gb-element-c1a3554b\">\n<p class=\"gb-text animate-on-scroll fadeInUp gb-text-f9eafea3\">Contacto<\/p>\n\n\n\n<h1 class=\"gb-text animate-on-scroll fadeInDown animate-delay-2 gb-text-6ae5ba73\"><strong>\u00bfHablamos?<\/strong><\/h1>\n\n\n\n<p class=\"gb-text animate-on-scroll fadeInDown animate-delay-3 gb-text-20d6bbf7\">Nos encantar\u00eda saber de vuestros proyectos para ver c\u00f3mo os podemos ayudar. <br>Puedes contactarnos por email o mediante el formulario de contacto. Estamos deseando saber m\u00e1s sobre tu proyecto.<\/p>\n<\/div>\n<\/div>\n\n\n\n<div class=\"section-py\">\n<div class=\"gb-element-c15a6267\">\n<div class=\"gb-element-f91fcbb0\">\n<div class=\"gb-element-32bee8ba\">\n<h2 class=\"gb-text fadeInUp animate-on-scroll animate-delay-1\">Monka Design Studio<\/h2>\n\n\n\n<p class=\"animate-on-scroll fadeInDown animate-delay-2 gb-text-12d9e4d4\" aria-label=\"send us an email\"><span class=\"gb-shape\"><svg version=\"1.1\" id=\"fi_481659\" xmlns=\"http:\/\/www.w3.org\/2000\/svg\" xmlns:xlink=\"http:\/\/www.w3.org\/1999\/xlink\" x=\"0px\" y=\"0px\" viewBox=\"0 0 512 512\" style=\"enable-background:new 0 0 512 512;\" xml:space=\"preserve\">\n<g>\n\t<g>\n\t\t<path d=\"M469.333,64H42.667C19.135,64,0,83.135,0,106.667v298.667C0,428.865,19.135,448,42.667,448h426.667\n\t\t\tC492.865,448,512,428.865,512,405.333V106.667C512,83.135,492.865,64,469.333,64z M42.667,85.333h426.667\n\t\t\tc1.572,0,2.957,0.573,4.432,0.897c-36.939,33.807-159.423,145.859-202.286,184.478c-3.354,3.021-8.76,6.625-15.479,6.625\n\t\t\ts-12.125-3.604-15.49-6.635C197.652,232.085,75.161,120.027,38.228,86.232C39.706,85.908,41.094,85.333,42.667,85.333z\n\t\t\t M21.333,405.333V106.667c0-2.09,0.63-3.986,1.194-5.896c28.272,25.876,113.736,104.06,169.152,154.453\n\t\t\tC136.443,302.671,50.957,383.719,22.46,410.893C21.957,409.079,21.333,407.305,21.333,405.333z M469.333,426.667H42.667\n\t\t\tc-1.704,0-3.219-0.594-4.81-0.974c29.447-28.072,115.477-109.586,169.742-156.009c7.074,6.417,13.536,12.268,18.63,16.858\n\t\t\tc8.792,7.938,19.083,12.125,29.771,12.125s20.979-4.188,29.76-12.115c5.096-4.592,11.563-10.448,18.641-16.868\n\t\t\tc54.268,46.418,140.286,127.926,169.742,156.009C472.552,426.073,471.039,426.667,469.333,426.667z M490.667,405.333\n\t\t\tc0,1.971-0.624,3.746-1.126,5.56c-28.508-27.188-113.984-108.227-169.219-155.668c55.418-50.393,140.869-128.57,169.151-154.456\n\t\t\tc0.564,1.91,1.194,3.807,1.194,5.897V405.333z\"><\/path>\n\t<\/g>\n<\/g>\n<g>\n<\/g>\n<g>\n<\/g>\n<g>\n<\/g>\n<g>\n<\/g>\n<g>\n<\/g>\n<g>\n<\/g>\n<g>\n<\/g>\n<g>\n<\/g>\n<g>\n<\/g>\n<g>\n<\/g>\n<g>\n<\/g>\n<g>\n<\/g>\n<g>\n<\/g>\n<g>\n<\/g>\n<g>\n<\/g>\n<\/svg><\/span><span class=\"gb-text\"><a href=\"mailto:hello@monkadesignstudio.com\">hello@monkadesignstudio.com<\/a><\/span><\/p>\n\n\n\n<p class=\"animate-on-scroll animate-delay-3 fadeInDown gb-text-a4433be6\" aria-label=\"call us\"><span class=\"gb-shape\"><svg version=\"1.1\" id=\"fi_159832\" xmlns=\"http:\/\/www.w3.org\/2000\/svg\" xmlns:xlink=\"http:\/\/www.w3.org\/1999\/xlink\" x=\"0px\" y=\"0px\" viewBox=\"0 0 482.6 482.6\" style=\"enable-background:new 0 0 482.6 482.6;\" xml:space=\"preserve\">\n<g>\n\t<path d=\"M98.339,320.8c47.6,56.9,104.9,101.7,170.3,133.4c24.9,11.8,58.2,25.8,95.3,28.2c2.3,0.1,4.5,0.2,6.8,0.2\n\t\tc24.9,0,44.9-8.6,61.2-26.3c0.1-0.1,0.3-0.3,0.4-0.5c5.8-7,12.4-13.3,19.3-20c4.7-4.5,9.5-9.2,14.1-14\n\t\tc21.3-22.2,21.3-50.4-0.2-71.9l-60.1-60.1c-10.2-10.6-22.4-16.2-35.2-16.2c-12.8,0-25.1,5.6-35.6,16.1l-35.8,35.8\n\t\tc-3.3-1.9-6.7-3.6-9.9-5.2c-4-2-7.7-3.9-11-6c-32.6-20.7-62.2-47.7-90.5-82.4c-14.3-18.1-23.9-33.3-30.6-48.8\n\t\tc9.4-8.5,18.2-17.4,26.7-26.1c3-3.1,6.1-6.2,9.2-9.3c10.8-10.8,16.6-23.3,16.6-36s-5.7-25.2-16.6-36l-29.8-29.8\n\t\tc-3.5-3.5-6.8-6.9-10.2-10.4c-6.6-6.8-13.5-13.8-20.3-20.1c-10.3-10.1-22.4-15.4-35.2-15.4c-12.7,0-24.9,5.3-35.6,15.5l-37.4,37.4\n\t\tc-13.6,13.6-21.3,30.1-22.9,49.2c-1.9,23.9,2.5,49.3,13.9,80C32.739,229.6,59.139,273.7,98.339,320.8z M25.739,104.2\n\t\tc1.2-13.3,6.3-24.4,15.9-34l37.2-37.2c5.8-5.6,12.2-8.5,18.4-8.5c6.1,0,12.3,2.9,18,8.7c6.7,6.2,13,12.7,19.8,19.6\n\t\tc3.4,3.5,6.9,7,10.4,10.6l29.8,29.8c6.2,6.2,9.4,12.5,9.4,18.7s-3.2,12.5-9.4,18.7c-3.1,3.1-6.2,6.3-9.3,9.4\n\t\tc-9.3,9.4-18,18.3-27.6,26.8c-0.2,0.2-0.3,0.3-0.5,0.5c-8.3,8.3-7,16.2-5,22.2c0.1,0.3,0.2,0.5,0.3,0.8\n\t\tc7.7,18.5,18.4,36.1,35.1,57.1c30,37,61.6,65.7,96.4,87.8c4.3,2.8,8.9,5,13.2,7.2c4,2,7.7,3.9,11,6c0.4,0.2,0.7,0.4,1.1,0.6\n\t\tc3.3,1.7,6.5,2.5,9.7,2.5c8,0,13.2-5.1,14.9-6.8l37.4-37.4c5.8-5.8,12.1-8.9,18.3-8.9c7.6,0,13.8,4.7,17.7,8.9l60.3,60.2\n\t\tc12,12,11.9,25-0.3,37.7c-4.2,4.5-8.6,8.8-13.3,13.3c-7,6.8-14.3,13.8-20.9,21.7c-11.5,12.4-25.2,18.2-42.9,18.2\n\t\tc-1.7,0-3.5-0.1-5.2-0.2c-32.8-2.1-63.3-14.9-86.2-25.8c-62.2-30.1-116.8-72.8-162.1-127c-37.3-44.9-62.4-86.7-79-131.5\n\t\tC28.039,146.4,24.139,124.3,25.739,104.2z\"><\/path>\n<\/g>\n<g>\n<\/g>\n<g>\n<\/g>\n<g>\n<\/g>\n<g>\n<\/g>\n<g>\n<\/g>\n<g>\n<\/g>\n<g>\n<\/g>\n<g>\n<\/g>\n<g>\n<\/g>\n<g>\n<\/g>\n<g>\n<\/g>\n<g>\n<\/g>\n<g>\n<\/g>\n<g>\n<\/g>\n<g>\n<\/g>\n<\/svg><\/span><span class=\"gb-text\"><a href=\"tel:+34633430874\">+34 633 43 08 74<\/a><\/span><\/p>\n\n\n\n<p class=\"animate-on-scroll animate-delay-3 fadeInDown gb-text-00e81efc\" aria-label=\"go to our Instagram profile\"><span class=\"gb-shape\"><svg viewBox=\"0 0 512.00096 512.00096\" xmlns=\"http:\/\/www.w3.org\/2000\/svg\" id=\"fi_1077042\"><path d=\"m373.40625 0h-234.8125c-76.421875 0-138.59375 62.171875-138.59375 138.59375v234.816406c0 76.417969 62.171875 138.589844 138.59375 138.589844h234.816406c76.417969 0 138.589844-62.171875 138.589844-138.589844v-234.816406c0-76.421875-62.171875-138.59375-138.59375-138.59375zm108.578125 373.410156c0 59.867188-48.707031 108.574219-108.578125 108.574219h-234.8125c-59.871094 0-108.578125-48.707031-108.578125-108.574219v-234.816406c0-59.871094 48.707031-108.578125 108.578125-108.578125h234.816406c59.867188 0 108.574219 48.707031 108.574219 108.578125zm0 0\"><\/path><path d=\"m256 116.003906c-77.195312 0-139.996094 62.800782-139.996094 139.996094s62.800782 139.996094 139.996094 139.996094 139.996094-62.800782 139.996094-139.996094-62.800782-139.996094-139.996094-139.996094zm0 249.976563c-60.640625 0-109.980469-49.335938-109.980469-109.980469 0-60.640625 49.339844-109.980469 109.980469-109.980469 60.644531 0 109.980469 49.339844 109.980469 109.980469 0 60.644531-49.335938 109.980469-109.980469 109.980469zm0 0\"><\/path><path d=\"m399.34375 66.285156c-22.8125 0-41.367188 18.558594-41.367188 41.367188 0 22.8125 18.554688 41.371094 41.367188 41.371094s41.371094-18.558594 41.371094-41.371094-18.558594-41.367188-41.371094-41.367188zm0 52.71875c-6.257812 0-11.351562-5.09375-11.351562-11.351562 0-6.261719 5.09375-11.351563 11.351562-11.351563 6.261719 0 11.355469 5.089844 11.355469 11.351563 0 6.257812-5.09375 11.351562-11.355469 11.351562zm0 0\"><\/path><\/svg><\/span><span class=\"gb-text\"><a href=\"https:\/\/www.instagram.com\/monkadesignstudio\/\" target=\"_blank\" rel=\"noreferrer noopener\">@monkadesignstudio<\/a><\/span><\/p>\n<\/div>\n\n\n\n<div class=\"animate-on-scroll animate-delay-3 fadeInUp gb-element-532025c0\"><div class='fluentform ff-default fluentform_wrapper_1  ff_guten_block ff_guten_block-1 ffs_default_wrap'><form data-form_id=\"1\" id=\"fluentform_1\" class=\"frm-fluent-form fluent_form_1 ff-el-form-top ff_form_instance_1_1 ff-form-loading ffs_default\" data-form_instance=\"ff_form_instance_1_1\" method=\"POST\" ><fieldset  style=\"border: none!important;margin: 0!important;padding: 0!important;background-color: transparent!important;box-shadow: none!important;outline: none!important; min-inline-size: 100%;\">\n                    <legend class=\"ff_screen_reader_title\" style=\"display: block; margin: 0!important;padding: 0!important;height: 0!important;text-indent: -999999px;width: 0!important;overflow:hidden;\">Contact Form<\/legend><input type='hidden' name='__fluent_form_embded_post_id' value='420' \/><input type=\"hidden\" id=\"_fluentform_1_fluentformnonce\" name=\"_fluentform_1_fluentformnonce\" value=\"c6acbe3e0e\" \/><input type=\"hidden\" name=\"_wp_http_referer\" value=\"\/es\/wp-json\/wp\/v2\/pages\/420\" \/><div data-type=\"name-element\" data-name=\"names\" class=\" ff-field_container ff-name-field-wrapper\" ><div class='ff-t-container'><div class='ff-t-cell '><div class='ff-el-group'><div class=\"ff-el-input--label asterisk-right\"><label for='ff_1_names_first_name_' id='label_ff_1_names_first_name_' >Nombre<\/label><\/div><div class='ff-el-input--content'><input type=\"text\" name=\"names[first_name]\" id=\"ff_1_names_first_name_\" class=\"ff-el-form-control\" placeholder=\"Nombre\" aria-invalid=\"false\" aria-required=false><\/div><\/div><\/div><div class='ff-t-cell '><div class='ff-el-group'><div class=\"ff-el-input--label asterisk-right\"><label for='ff_1_names_last_name_' id='label_ff_1_names_last_name_' >Apellido<\/label><\/div><div class='ff-el-input--content'><input type=\"text\" name=\"names[last_name]\" id=\"ff_1_names_last_name_\" class=\"ff-el-form-control\" placeholder=\"Apellido\" aria-invalid=\"false\" aria-required=false><\/div><\/div><\/div><\/div><\/div><div data-name=\"ff_cn_id_1\"  class='ff-t-container ff-column-container ff_columns_total_2 '><div class='ff-t-cell ff-t-column-1' style='flex-basis: 50%;'><div class='ff-el-group'><div class=\"ff-el-input--label ff-el-is-required asterisk-right\"><label for='ff_1_email' id='label_ff_1_email' aria-label=\"Correo electr\u00f3nico\">Correo electr\u00f3nico<\/label><\/div><div class='ff-el-input--content'><input type=\"email\" name=\"email\" id=\"ff_1_email\" class=\"ff-el-form-control\" placeholder=\"Correo electr\u00f3nico\" data-name=\"email\"  aria-invalid=\"false\" aria-required=true><\/div><\/div><\/div><div class='ff-t-cell ff-t-column-2' style='flex-basis: 50%;'><div class='ff-el-group'><div class=\"ff-el-input--label asterisk-right\"><label for='ff_1_phone' id='label_ff_1_phone' aria-label=\"Tel\u00e9fono\/M\u00f3vil\">Tel\u00e9fono\/M\u00f3vil<\/label><\/div><div class='ff-el-input--content'><input name=\"phone\" class=\"ff-el-form-control ff-el-phone ff_el_with_extended_validation\" type=\"tel\" placeholder=\"Tel\u00e9fono m\u00f3vil\" data-name=\"phone\" id=\"ff_1_phone\" inputmode=\"tel\"  aria-invalid='false' aria-required=false><\/div><\/div><\/div><\/div><div class='ff-el-group'><div class=\"ff-el-input--label asterisk-right\"><label for='ff_1_subject' id='label_ff_1_subject' aria-label=\"Asunto\">Asunto<\/label><\/div><div class='ff-el-input--content'><input type=\"text\" name=\"subject\" class=\"ff-el-form-control\" placeholder=\"Asunto\" data-name=\"subject\" id=\"ff_1_subject\"  aria-invalid=\"false\" aria-required=false><\/div><\/div><div class='ff-el-group'><div class=\"ff-el-input--label ff-el-is-required asterisk-right\"><label for='ff_1_message' id='label_ff_1_message' aria-label=\"Tu mensaje\">Tu mensaje<\/label><\/div><div class='ff-el-input--content'><textarea aria-required=\"true\" aria-labelledby=\"label_ff_1_message\" name=\"message\" id=\"ff_1_message\" class=\"ff-el-form-control\" placeholder=\"Tu mensaje\" rows=\"4\" cols=\"2\" data-name=\"message\" ><\/textarea><\/div><\/div><div class='ff-el-group    ff-el-input--content'><div class='ff-el-form-check ff-el-tc'><label aria-label='T\u00e9rminos y condiciones: He le\u00eddo y acepto la Pol\u00edtica de Privacidad. Contiene 1 enlace. Usa la navegaci\u00f3n por pesta\u00f1as para rese\u00f1ar.' class='ff-el-form-check-label ff_tc_label' for=terms-n-condition_816daf3dae222ce93f2c08e03fb7ebee><span class='ff_tc_checkbox'><input type=\"checkbox\" name=\"terms-n-condition\" class=\"ff-el-form-check-input\" data-name=\"terms-n-condition\" id=\"terms-n-condition_816daf3dae222ce93f2c08e03fb7ebee\"  value='on' aria-invalid='false' aria-required=false><\/span> <div class='ff_t_c'><p>He le\u00eddo y acepto la <u><a class=\"lawwwing-document-open priv\" style=\"color: white\" href=\"#\" aria-label=\"Abrir la Pol\u00edtica de Privacidad en una ventana emergente\">Pol\u00edtica de Privacidad<\/a>.<\/u><\/p><\/div><\/label><\/div><\/div><div class='ff-el-group ff-text-left ff_submit_btn_wrapper'><button type=\"submit\" class=\"ff-btn ff-btn-submit ff-btn-md ff_btn_style\"  aria-label=\"Enviar\">Enviar<\/button><\/div><\/fieldset><\/form><div id='fluentform_1_errors' class='ff-errors-in-stack ff_form_instance_1_1 ff-form-loading_errors ff_form_instance_1_1_errors'><\/div><\/div>            <script type=\"text\/javascript\">\n                window.fluent_form_ff_form_instance_1_1 = {\"id\":\"1\",\"settings\":{\"layout\":{\"labelPlacement\":\"top\",\"helpMessagePlacement\":\"with_label\",\"errorMessagePlacement\":\"inline\",\"cssClassName\":\"\",\"asteriskPlacement\":\"asterisk-right\"},\"restrictions\":{\"denyEmptySubmission\":{\"enabled\":false}}},\"form_instance\":\"ff_form_instance_1_1\",\"form_id_selector\":\"fluentform_1\",\"rules\":{\"names[first_name]\":{\"required\":{\"value\":false,\"message\":\"Este campo es obligatorio\",\"global\":false,\"global_message\":\"This field is required\"}},\"names[middle_name]\":{\"required\":{\"value\":false,\"message\":\"Este campo es obligatorio\",\"global\":false,\"global_message\":\"This field is required\"}},\"names[last_name]\":{\"required\":{\"value\":false,\"message\":\"Este campo es obligatorio\",\"global\":false,\"global_message\":\"This field is required\"}},\"email\":{\"required\":{\"value\":true,\"message\":\"Este campo es obligatorio\",\"global\":false,\"global_message\":\"This field is required\"},\"email\":{\"value\":true,\"message\":\"Este campo debe contener un correo electr\\u00f3nico v\\u00e1lido.\",\"global\":false,\"global_message\":\"This field must contain a valid email\"}},\"phone\":{\"required\":{\"value\":false,\"global\":true,\"message\":\"Este campo es obligatorio\",\"global_message\":\"This field is required\"},\"valid_phone_number\":{\"value\":true,\"global\":true,\"message\":\"El n\\u00famero de tel\\u00e9fono no es v\\u00e1lido \",\"global_message\":\"Phone number is not valid\"}},\"subject\":{\"required\":{\"value\":false,\"message\":\"Este campo es obligatorio\",\"global\":false,\"global_message\":\"This field is required\"}},\"message\":{\"required\":{\"value\":true,\"message\":\"Este campo es obligatorio\",\"global\":false,\"global_message\":\"This field is required\"}},\"terms-n-condition\":{\"required\":{\"value\":false,\"message\":\"Este campo es obligatorio\",\"global_message\":\"This field is required\",\"global\":true}}},\"debounce_time\":300};\n                            <\/script>\n            <\/div>\n<\/div>\n<\/div>\n<\/div>\n\n\n\n<p><\/p>\n","protected":false},"excerpt":{"rendered":"<p>Contacto \u00bfHablamos? Nos encantar\u00eda saber de vuestros proyectos para ver c\u00f3mo os podemos ayudar. Puedes contactarnos por email o mediante el formulario de contacto. Estamos deseando saber m\u00e1s sobre tu proyecto. Monka Design Studio hello@monkadesignstudio.com +34 633 43 08 74 @monkadesignstudio<\/p>\n","protected":false},"author":1,"featured_media":0,"parent":0,"menu_order":0,"comment_status":"closed","ping_status":"closed","template":"","meta":{"inline_featured_image":false,"footnotes":""},"class_list":["post-420","page","type-page","status-publish"],"_links":{"self":[{"href":"https:\/\/monkadesignstudio.com\/es\/wp-json\/wp\/v2\/pages\/420","targetHints":{"allow":["GET"]}}],"collection":[{"href":"https:\/\/monkadesignstudio.com\/es\/wp-json\/wp\/v2\/pages"}],"about":[{"href":"https:\/\/monkadesignstudio.com\/es\/wp-json\/wp\/v2\/types\/page"}],"author":[{"embeddable":true,"href":"https:\/\/monkadesignstudio.com\/es\/wp-json\/wp\/v2\/users\/1"}],"replies":[{"embeddable":true,"href":"https:\/\/monkadesignstudio.com\/es\/wp-json\/wp\/v2\/comments?post=420"}],"version-history":[{"count":4,"href":"https:\/\/monkadesignstudio.com\/es\/wp-json\/wp\/v2\/pages\/420\/revisions"}],"predecessor-version":[{"id":450,"href":"https:\/\/monkadesignstudio.com\/es\/wp-json\/wp\/v2\/pages\/420\/revisions\/450"}],"wp:attachment":[{"href":"https:\/\/monkadesignstudio.com\/es\/wp-json\/wp\/v2\/media?parent=420"}],"curies":[{"name":"wp","href":"https:\/\/api.w.org\/{rel}","templated":true}]}}