{"id":417,"date":"2025-11-11T12:54:18","date_gmt":"2025-11-11T12:54:18","guid":{"rendered":"https:\/\/monkadesignstudio.com\/faqs\/"},"modified":"2025-11-17T17:09:05","modified_gmt":"2025-11-17T17:09:05","slug":"faqs","status":"publish","type":"page","link":"https:\/\/monkadesignstudio.com\/es\/faqs\/","title":{"rendered":"FAQ\u2019s"},"content":{"rendered":"\n<div class=\"section-py hero-std gb-element-782f9cd7\">\n<div class=\"gb-element-c1a3554b\">\n<p class=\"gb-text animate-on-scroll fadeInUp gb-text-f9eafea3\">FAQs<\/p>\n\n\n\n<h1 class=\"gb-text animate-on-scroll fadeInDown animate-delay-2 gb-text-6ae5ba73\">Preguntas frecuentes<\/h1>\n\n\n\n<p class=\"gb-text animate-on-scroll fadeInDown animate-delay-3 gb-text-20d6bbf7\">Aqu\u00ed encontrar\u00e1s todas las respuestas a tus preguntas.<\/p>\n<\/div>\n<\/div>\n\n\n\n<div class=\"section-py faq\">\n<div class=\"gb-element-84b4413d\">\n<div class=\"gb-accordion\">\n<div class=\"gb-accordion__item animate-on-scroll fadeIn animate-delay-1 gb-accordion__item-3826b525\">\n<div role=\"button\" tabindex=\"0\" class=\"gb-accordion__toggle gb-accordion__toggle-2e12e44a\" id=\"gb-accordion-toggle-2e12e44a\">\n<h2 class=\"gb-text gb-text-18215390\">\u00bfPara qui\u00e9n son nuestros servicios?<\/h2>\n\n\n\n<span class=\"gb-accordion__toggle-icon gb-accordion__toggle-icon-f541749c\"><span class=\"gb-accordion__toggle-icon-open\"><svg aria-hidden=\"true\" viewBox=\"0 0 256 256\"><rect width=\"256\" height=\"256\" fill=\"none\"><\/rect><polyline points=\"208 96 128 176 48 96\" fill=\"none\" stroke=\"currentColor\" stroke-linecap=\"round\" stroke-linejoin=\"round\" stroke-width=\"16\"><\/polyline><\/svg><\/span><span class=\"gb-accordion__toggle-icon-close\"><svg aria-hidden=\"true\" viewBox=\"0 0 256 256\"><rect width=\"256\" height=\"256\" fill=\"none\"><\/rect><polyline points=\"48 160 128 80 208 160\" fill=\"none\" stroke=\"currentColor\" stroke-linecap=\"round\" stroke-linejoin=\"round\" stroke-width=\"16\"><\/polyline><\/svg><\/span><\/span>\n<\/div>\n\n\n\n<div class=\"gb-accordion__content\" id=\"gb-accordion-content-6cffcb0c\">\n<div class=\"gb-element-c259a57a\">\n<p>Dise\u00f1adores independientes y marcas de art\u00edculos de piel del sector del lujo a nivel global. No ten\u00e9is por qu\u00e9 estar en Ubrique, nosotros seremos vuestros ojos y vuestras manos aqu\u00ed.&nbsp;&nbsp;<\/p>\n<\/div>\n<\/div>\n<\/div>\n\n\n\n<div class=\"gb-accordion__item animate-on-scroll fadeIn animate-delay-1 gb-accordion__item-8fee9fc5\">\n<div role=\"button\" tabindex=\"0\" class=\"gb-accordion__toggle gb-accordion__toggle-461783b1\" id=\"gb-accordion-toggle-461783b1\">\n<h2 class=\"gb-text gb-text-884f704d\">Pedido M\u00ednimo<\/h2>\n\n\n\n<span class=\"gb-accordion__toggle-icon gb-accordion__toggle-icon-ffd861bc\"><span class=\"gb-accordion__toggle-icon-open\"><svg aria-hidden=\"true\" viewBox=\"0 0 256 256\"><rect width=\"256\" height=\"256\" fill=\"none\"><\/rect><polyline points=\"208 96 128 176 48 96\" fill=\"none\" stroke=\"currentColor\" stroke-linecap=\"round\" stroke-linejoin=\"round\" stroke-width=\"16\"><\/polyline><\/svg><\/span><span class=\"gb-accordion__toggle-icon-close\"><svg aria-hidden=\"true\" viewBox=\"0 0 256 256\"><rect width=\"256\" height=\"256\" fill=\"none\"><\/rect><polyline points=\"48 160 128 80 208 160\" fill=\"none\" stroke=\"currentColor\" stroke-linecap=\"round\" stroke-linejoin=\"round\" stroke-width=\"16\"><\/polyline><\/svg><\/span><\/span>\n<\/div>\n\n\n\n<div class=\"gb-accordion__content\" id=\"gb-accordion-content-f5efde04\">\n<div class=\"gb-element-a8b9c6a0\">\n<p>Nuestras cantidades son 30 unidades por modelo y color para bolsos y 50 unidades por modelo y color para peque\u00f1a marroquiner\u00eda. Sin embargo, podemos ser flexibles si necesitas otras cantidades.&nbsp;<\/p>\n<\/div>\n<\/div>\n<\/div>\n\n\n\n<div class=\"gb-accordion__item animate-on-scroll animate-delay-2 fadeInDown gb-accordion__item-c3764874\">\n<div role=\"button\" tabindex=\"0\" class=\"gb-accordion__toggle gb-accordion__toggle-d5f9b44e\" id=\"gb-accordion-toggle-d5f9b44e\">\n<h2 class=\"gb-text gb-text-e0ff604b\">Cu\u00e1les son las distintas fases y cu\u00e1nto tiempo conlleva cada fase desde la idea hasta tener el producto terminado?\u00a0<\/h2>\n\n\n\n<span class=\"gb-accordion__toggle-icon gb-accordion__toggle-icon-65c8e6c2\"><span class=\"gb-accordion__toggle-icon-open\"><svg aria-hidden=\"true\" viewBox=\"0 0 256 256\"><rect width=\"256\" height=\"256\" fill=\"none\"><\/rect><polyline points=\"208 96 128 176 48 96\" fill=\"none\" stroke=\"currentColor\" stroke-linecap=\"round\" stroke-linejoin=\"round\" stroke-width=\"16\"><\/polyline><\/svg><\/span><span class=\"gb-accordion__toggle-icon-close\"><svg aria-hidden=\"true\" viewBox=\"0 0 256 256\"><rect width=\"256\" height=\"256\" fill=\"none\"><\/rect><polyline points=\"48 160 128 80 208 160\" fill=\"none\" stroke=\"currentColor\" stroke-linecap=\"round\" stroke-linejoin=\"round\" stroke-width=\"16\"><\/polyline><\/svg><\/span><\/span>\n<\/div>\n\n\n\n<div class=\"gb-accordion__content\" id=\"gb-accordion-content-245fc639\">\n<div class=\"gb-element-5c426aa5\">\n<p>Depende mucho de la complejidad t\u00e9cnica de cada dise\u00f1o, pero por lo general se puede tardar entre 3-6 meses desde que se reciben las primeras propuestas hasta que se materializa en un prototipo.<\/p>\n\n\n\n<p>Los pasos son los siguientes:<\/p>\n\n\n\n<p>1. <strong>Dise\u00f1o<\/strong> \u2013 puede requerir entre <strong>3 y 6 meses<\/strong> o m\u00e1s.<br>2. <strong>Ficha t\u00e9cnica <\/strong>\u2013 <strong>3 d\u00edas<\/strong>.<br>3. <strong>Patronaje<\/strong> \u2013 <strong>10 d\u00edas laborables<\/strong> a partir de la aprobaci\u00f3n del dise\u00f1o.<br>4. <strong>Prototipo en <em>salpa<\/em><\/strong> (para la primera revisi\u00f3n de vol\u00famenes y medidas) \u2013 <strong>3 semanas<\/strong>.<br>5. <strong>Prototipo en cuero<\/strong> \u2013 <strong>4 semanas<\/strong>.<br>6. <strong>Normalizaci\u00f3n<\/strong> \u2013 periodo destinado a <strong>probar el producto y revisar todos los materiales y aspectos t\u00e9cnicos del dise\u00f1o<\/strong>, asegurando que todo est\u00e9 correcto antes de iniciar la producci\u00f3n \u2013 <strong>4 semanas<\/strong>.<br>7. <strong>Pedido y recepci\u00f3n de materiales<\/strong> \u2013 <strong>4 semanas<\/strong>.<br>8. <strong>Producci\u00f3n<\/strong> \u2013 entre <strong>8 y 9 semanas<\/strong>, seg\u00fan las cantidades, considerando que todos los materiales est\u00e9n disponibles para comenzar.<br>9. <strong>Control de calidad<\/strong> \u2013 depende de las cantidades a inspeccionar.<\/p>\n<\/div>\n<\/div>\n<\/div>\n\n\n\n<div class=\"gb-accordion__item animate-on-scroll animate-delay-3 fadeInDown gb-accordion__item-262c73be\">\n<div role=\"button\" tabindex=\"0\" class=\"gb-accordion__toggle gb-accordion__toggle-8ef6f951\" id=\"gb-accordion-toggle-8ef6f951\">\n<h2 class=\"gb-text gb-text-33dd64e0\">No vivo en Espa\u00f1a, \u00bfaun as\u00ed puedo trabajar con vosotros?<\/h2>\n\n\n\n<span class=\"gb-accordion__toggle-icon gb-accordion__toggle-icon-ea33c3ec\"><span class=\"gb-accordion__toggle-icon-open\"><svg aria-hidden=\"true\" viewBox=\"0 0 256 256\"><rect width=\"256\" height=\"256\" fill=\"none\"><\/rect><polyline points=\"208 96 128 176 48 96\" fill=\"none\" stroke=\"currentColor\" stroke-linecap=\"round\" stroke-linejoin=\"round\" stroke-width=\"16\"><\/polyline><\/svg><\/span><span class=\"gb-accordion__toggle-icon-close\"><svg aria-hidden=\"true\" viewBox=\"0 0 256 256\"><rect width=\"256\" height=\"256\" fill=\"none\"><\/rect><polyline points=\"48 160 128 80 208 160\" fill=\"none\" stroke=\"currentColor\" stroke-linecap=\"round\" stroke-linejoin=\"round\" stroke-width=\"16\"><\/polyline><\/svg><\/span><\/span>\n<\/div>\n\n\n\n<div class=\"gb-accordion__content\" id=\"gb-accordion-content-2668a6fa\">\n<div class=\"gb-element-a8ee7fdf\">\n<p>\u00a1Por supuesto que s\u00ed! De hecho, <strong>ninguno de nuestros actuales clientes est\u00e1 en Espa\u00f1a<\/strong>, y los asistimos en la producci\u00f3n de sus colecciones.Nosotros <strong>nos encargamos de todo aqu\u00ed en Ubrique<\/strong> y te mantenemos informado en todo momento sobre el proceso.<\/p>\n<\/div>\n<\/div>\n<\/div>\n<\/div>\n<\/div>\n<\/div>\n\n\n\n<p><\/p>\n","protected":false},"excerpt":{"rendered":"<p>FAQs Preguntas frecuentes Aqu\u00ed encontrar\u00e1s todas las respuestas a tus preguntas.<\/p>\n","protected":false},"author":1,"featured_media":0,"parent":0,"menu_order":0,"comment_status":"closed","ping_status":"closed","template":"","meta":{"inline_featured_image":false,"footnotes":""},"class_list":["post-417","page","type-page","status-publish"],"_links":{"self":[{"href":"https:\/\/monkadesignstudio.com\/es\/wp-json\/wp\/v2\/pages\/417","targetHints":{"allow":["GET"]}}],"collection":[{"href":"https:\/\/monkadesignstudio.com\/es\/wp-json\/wp\/v2\/pages"}],"about":[{"href":"https:\/\/monkadesignstudio.com\/es\/wp-json\/wp\/v2\/types\/page"}],"author":[{"embeddable":true,"href":"https:\/\/monkadesignstudio.com\/es\/wp-json\/wp\/v2\/users\/1"}],"replies":[{"embeddable":true,"href":"https:\/\/monkadesignstudio.com\/es\/wp-json\/wp\/v2\/comments?post=417"}],"version-history":[{"count":2,"href":"https:\/\/monkadesignstudio.com\/es\/wp-json\/wp\/v2\/pages\/417\/revisions"}],"predecessor-version":[{"id":455,"href":"https:\/\/monkadesignstudio.com\/es\/wp-json\/wp\/v2\/pages\/417\/revisions\/455"}],"wp:attachment":[{"href":"https:\/\/monkadesignstudio.com\/es\/wp-json\/wp\/v2\/media?parent=417"}],"curies":[{"name":"wp","href":"https:\/\/api.w.org\/{rel}","templated":true}]}}