{"id":402,"date":"2025-11-11T12:53:54","date_gmt":"2025-11-11T12:53:54","guid":{"rendered":"https:\/\/monkadesignstudio.com\/our-studio\/"},"modified":"2025-11-28T13:14:51","modified_gmt":"2025-11-28T13:14:51","slug":"el-estudio","status":"publish","type":"page","link":"https:\/\/monkadesignstudio.com\/es\/el-estudio\/","title":{"rendered":"El estudio"},"content":{"rendered":"\n<div class=\"section-py about-us gb-element-11280480\">\n<div class=\"gb-element-14930d94\">\n<h1 class=\"gb-text animate-on-scroll animate-delay-1 fadeInDown gb-text-7e3b385f\"><strong>Sobre nosotros<\/strong><\/h1>\n<\/div>\n\n\n\n<div class=\"gb-element-8c81367b\">\n<div class=\"gb-element-4e83cc4a\">\n<h2 class=\"gb-text animate-on-scroll animate-delay-2 fadeInUp\">Monka Design Studio<\/h2>\n\n\n\n<div class=\"animate-on-scroll animate-delay-3 fadeInUp\">\n<p><strong>MONKA DESIGN STUDIO<\/strong> naci\u00f3 en el a\u00f1o 2016 de la mano de Mar\u00eda Monle\u00f3n Capit\u00e1n, una castellonense de mente inquieta que se enamor\u00f3 de Ubrique y su artesan\u00eda. Desde entonces desarrolla su actividad en la industria de la piel en los \u00e1mbitos de <strong>DESARROLLO DE NUEVOS PRODUCTOS, GESTI\u00d3N DE&nbsp; PRODUCCI\u00d3N, CONTROL DE CALIDAD DE PROCESOS Y PRODUCTOS TERMINADOS, <\/strong>as\u00ed como en servicios de<strong> CONSULTOR\u00cdA <\/strong>para marcas de lujo<strong>.<\/strong><\/p>\n\n\n\n<p>El estudio est\u00e1 ubicado en el coraz\u00f3n de Ubrique, una localidad del sur de Espa\u00f1a con m\u00e1s de 350 a\u00f1os de tradici\u00f3n en la industria de la piel.<\/p>\n\n\n\n<p>El principal objetivo es acompa\u00f1ar a las marcas de lujo de marroquiner\u00eda a lo largo de todo el proceso de producci\u00f3n: desde la elaboraci\u00f3n de fichas t\u00e9cnicas y patrones detallados hasta la creaci\u00f3n de prototipos, selecci\u00f3n de materiales y proveedores, la gesti\u00f3n de producciones y el control de calidad.<\/p>\n\n\n\n<p>Queremos simplificar el proceso para los equipos de dise\u00f1o, desarrollo y producci\u00f3n para que puedan tener la tranquilidad de saber que seremos sus ojos aqu\u00ed en Ubrique y estaremos a su lado de principio a fin, asegur\u00e1ndonos de que todo se desarrolle sin contratiempos.<\/p>\n<\/div>\n<\/div>\n\n\n\n<div class=\"gb-element-f54e9a76\">\n<img loading=\"lazy\" decoding=\"async\" width=\"1005\" height=\"1329\" class=\"animate-on-scroll animate-delay-2 fadeIn gb-media-c1335c7e\" alt=\"\" src=\"https:\/\/monkadesignstudio.com\/wp-content\/uploads\/2025\/11\/Maria_Monleon_Capitan.png\" title=\"Maria_Monleon_Capitan\" srcset=\"https:\/\/monkadesignstudio.com\/wp-content\/uploads\/2025\/11\/Maria_Monleon_Capitan.png 1005w, https:\/\/monkadesignstudio.com\/wp-content\/uploads\/2025\/11\/Maria_Monleon_Capitan-227x300.png 227w, https:\/\/monkadesignstudio.com\/wp-content\/uploads\/2025\/11\/Maria_Monleon_Capitan-774x1024.png 774w, https:\/\/monkadesignstudio.com\/wp-content\/uploads\/2025\/11\/Maria_Monleon_Capitan-768x1016.png 768w\" sizes=\"auto, (max-width: 1005px) 100vw, 1005px\" \/>\n<\/div>\n<\/div>\n\n\n\n<div class=\"monka-gallery gb-element-4498603b\">\n<div class=\"animate-on-scroll animate-delay-1 fadeIn\">\n<img loading=\"lazy\" decoding=\"async\" width=\"558\" height=\"1000\" class=\"img-galeria\" alt=\"Detail of stitching a silver logo emblem onto black textured leather.\" src=\"https:\/\/monkadesignstudio.com\/wp-content\/uploads\/2025\/11\/stitching-logo-on-black-leather.jpg\" title=\"stitching-logo-on-black-leather\" srcset=\"https:\/\/monkadesignstudio.com\/wp-content\/uploads\/2025\/11\/stitching-logo-on-black-leather.jpg 558w, https:\/\/monkadesignstudio.com\/wp-content\/uploads\/2025\/11\/stitching-logo-on-black-leather-167x300.jpg 167w\" sizes=\"auto, (max-width: 558px) 100vw, 558px\" \/>\n<\/div>\n\n\n\n<div class=\"animate-on-scroll animate-delay-2 fadeIn\">\n<img loading=\"lazy\" decoding=\"async\" width=\"746\" height=\"498\" class=\"img-galeria\" alt=\"Pre-assembled leather bag bodies lined with tan interiors arranged in rows before final assembly.\" src=\"https:\/\/monkadesignstudio.com\/wp-content\/uploads\/2025\/11\/leather-bag-bodies-prepared.jpg\" title=\"leather-bag-bodies-prepared\" srcset=\"https:\/\/monkadesignstudio.com\/wp-content\/uploads\/2025\/11\/leather-bag-bodies-prepared.jpg 746w, https:\/\/monkadesignstudio.com\/wp-content\/uploads\/2025\/11\/leather-bag-bodies-prepared-300x200.jpg 300w\" sizes=\"auto, (max-width: 746px) 100vw, 746px\" \/>\n<\/div>\n\n\n\n<div class=\"animate-on-scroll animate-delay-3 fadeIn\">\n<img loading=\"lazy\" decoding=\"async\" width=\"746\" height=\"390\" class=\"img-galeria\" alt=\"Collection of leather cutting templates and patterns neatly arranged on a worktable.\" src=\"https:\/\/monkadesignstudio.com\/wp-content\/uploads\/2025\/11\/leather-pattern-templates-prepared.jpg\" title=\"leather-pattern-templates-prepared\" srcset=\"https:\/\/monkadesignstudio.com\/wp-content\/uploads\/2025\/11\/leather-pattern-templates-prepared.jpg 746w, https:\/\/monkadesignstudio.com\/wp-content\/uploads\/2025\/11\/leather-pattern-templates-prepared-300x157.jpg 300w\" sizes=\"auto, (max-width: 746px) 100vw, 746px\" \/>\n<\/div>\n\n\n\n<div class=\"fadeIn animate-on-scroll animate-delay-1\">\n<img loading=\"lazy\" decoding=\"async\" width=\"746\" height=\"498\" class=\"img-galeria\" alt=\"Cutting machine working on leather bag patterns marked with lines and measurements.\" src=\"https:\/\/monkadesignstudio.com\/wp-content\/uploads\/2025\/11\/leather-pattern-cutting-machine.jpg\" title=\"leather-pattern-cutting-machine\" srcset=\"https:\/\/monkadesignstudio.com\/wp-content\/uploads\/2025\/11\/leather-pattern-cutting-machine.jpg 746w, https:\/\/monkadesignstudio.com\/wp-content\/uploads\/2025\/11\/leather-pattern-cutting-machine-300x200.jpg 300w\" sizes=\"auto, (max-width: 746px) 100vw, 746px\" \/>\n<\/div>\n\n\n\n<div class=\"fadeIn animate-on-scroll animate-delay-2\">\n<img loading=\"lazy\" decoding=\"async\" width=\"746\" height=\"420\" class=\"img-galeria\" alt=\"Craftsman assembling leather accessories and wallets on a workbench with various colorful pieces.\" src=\"https:\/\/monkadesignstudio.com\/wp-content\/uploads\/2025\/11\/assembling-leather-accessories.jpg\" title=\"assembling-leather-accessories\" srcset=\"https:\/\/monkadesignstudio.com\/wp-content\/uploads\/2025\/11\/assembling-leather-accessories.jpg 746w, https:\/\/monkadesignstudio.com\/wp-content\/uploads\/2025\/11\/assembling-leather-accessories-300x169.jpg 300w\" sizes=\"auto, (max-width: 746px) 100vw, 746px\" \/>\n<\/div>\n\n\n\n<div class=\"fadeIn animate-on-scroll animate-delay-3\">\n<img loading=\"lazy\" decoding=\"async\" width=\"746\" height=\"494\" class=\"img-galeria\" alt=\"Close-up of two artisans attaching metal hardware to leather pieces during the bag assembly process.\" src=\"https:\/\/monkadesignstudio.com\/wp-content\/uploads\/2025\/11\/installing-metal-hardware-on-leather.jpg\" title=\"installing-metal-hardware-on-leather\" srcset=\"https:\/\/monkadesignstudio.com\/wp-content\/uploads\/2025\/11\/installing-metal-hardware-on-leather.jpg 746w, https:\/\/monkadesignstudio.com\/wp-content\/uploads\/2025\/11\/installing-metal-hardware-on-leather-300x199.jpg 300w\" sizes=\"auto, (max-width: 746px) 100vw, 746px\" \/>\n<\/div>\n\n\n\n<div class=\"fadeIn animate-on-scroll animate-delay-1\">\n<img loading=\"lazy\" decoding=\"async\" width=\"563\" height=\"1000\" class=\"img-galeria\" alt=\"Artisan sewing a pink leather handbag on an industrial sewing machine, focusing on precision stitching.\" src=\"https:\/\/monkadesignstudio.com\/wp-content\/uploads\/2025\/11\/sewing-pink-leather-bag.jpg\" title=\"sewing-pink-leather-bag\" srcset=\"https:\/\/monkadesignstudio.com\/wp-content\/uploads\/2025\/11\/sewing-pink-leather-bag.jpg 563w, https:\/\/monkadesignstudio.com\/wp-content\/uploads\/2025\/11\/sewing-pink-leather-bag-169x300.jpg 169w\" sizes=\"auto, (max-width: 563px) 100vw, 563px\" \/>\n<\/div>\n\n\n\n<div class=\"fadeIn animate-on-scroll animate-delay-2\">\n<img loading=\"lazy\" decoding=\"async\" width=\"746\" height=\"500\" class=\"img-galeria\" alt=\"Close-up of a craftsman assembling a zipper onto a leather strip using a wooden base.\" src=\"https:\/\/monkadesignstudio.com\/wp-content\/uploads\/2025\/11\/leather-zipper-assembly.jpg\" title=\"leather-zipper-assembly\" srcset=\"https:\/\/monkadesignstudio.com\/wp-content\/uploads\/2025\/11\/leather-zipper-assembly.jpg 746w, https:\/\/monkadesignstudio.com\/wp-content\/uploads\/2025\/11\/leather-zipper-assembly-300x201.jpg 300w\" sizes=\"auto, (max-width: 746px) 100vw, 746px\" \/>\n<\/div>\n\n\n\n<div class=\"fadeIn animate-on-scroll animate-delay-3\">\n<img loading=\"lazy\" decoding=\"async\" width=\"746\" height=\"451\" class=\"img-galeria\" alt=\"Stacks of yellow and red leather components organized on a workshop table ready for assembly.\" src=\"https:\/\/monkadesignstudio.com\/wp-content\/uploads\/2025\/11\/prepared-leather-parts-for-assembly.jpg\" title=\"prepared-leather-parts-for-assembly\" srcset=\"https:\/\/monkadesignstudio.com\/wp-content\/uploads\/2025\/11\/prepared-leather-parts-for-assembly.jpg 746w, https:\/\/monkadesignstudio.com\/wp-content\/uploads\/2025\/11\/prepared-leather-parts-for-assembly-300x181.jpg 300w\" sizes=\"auto, (max-width: 746px) 100vw, 746px\" \/>\n<\/div>\n<\/div>\n\n\n\n<div class=\"gb-element-34d800e8\">\n<div class=\"gb-element-f2a4ffea\">\n<p class=\"gb-text fadeInDown animate-on-scroll animate-delay-1 gb-text-62864e35\">Monka Design Studio<\/p>\n\n\n\n<p class=\"gb-text fadeInDown animate-on-scroll animate-delay-2\">Avda. Espa\u00f1a 6<br>11600 Ubrique, C\u00e1diz.<br>Mon-Fri: 9:00-18:00h<br><a href=\"tel:+34633430874\">+34 633 43 08 74<br><\/a><a href=\"mailto:hello@monkadesignstudio.com\">hello@monkadesignstudio.com<\/a><\/p>\n\n\n\n<div>\n<a class=\"gb-text fadeInDown animate-on-scroll animate-delay-3 gb-text-0cacde38\" href=\"https:\/\/monkadesignstudio.com\/es\/contacto\/\">\u00bfHablamos?<\/a>\n<\/div>\n<\/div>\n\n\n\n<div>\n<img loading=\"lazy\" decoding=\"async\" width=\"1118\" height=\"690\" class=\"fadeInUp animate-on-scroll animate-delay-2 gb-media-7ffe31e7\" alt=\"Aerial view of traditional white houses with tiled roofs in Ubrique, a picturesque town in southern Spain.\" src=\"https:\/\/monkadesignstudio.com\/wp-content\/uploads\/2025\/11\/ubrique.jpg\" title=\"ubrique\" srcset=\"https:\/\/monkadesignstudio.com\/wp-content\/uploads\/2025\/11\/ubrique.jpg 1118w, https:\/\/monkadesignstudio.com\/wp-content\/uploads\/2025\/11\/ubrique-300x185.jpg 300w, https:\/\/monkadesignstudio.com\/wp-content\/uploads\/2025\/11\/ubrique-1024x632.jpg 1024w, https:\/\/monkadesignstudio.com\/wp-content\/uploads\/2025\/11\/ubrique-768x474.jpg 768w\" sizes=\"auto, (max-width: 1118px) 100vw, 1118px\" \/>\n<\/div>\n<\/div>\n<\/div>\n\n\n\n<p><\/p>\n","protected":false},"excerpt":{"rendered":"<p>Sobre nosotros Monka Design Studio MONKA DESIGN STUDIO naci\u00f3 en el a\u00f1o 2016 de la mano de Mar\u00eda Monle\u00f3n Capit\u00e1n, una castellonense de mente inquieta que se enamor\u00f3 de Ubrique y su artesan\u00eda. Desde entonces desarrolla su actividad en la industria de la piel en los \u00e1mbitos de DESARROLLO DE NUEVOS PRODUCTOS, GESTI\u00d3N DE&nbsp; PRODUCCI\u00d3N, &#8230; <a title=\"El estudio\" class=\"read-more\" href=\"https:\/\/monkadesignstudio.com\/es\/el-estudio\/\" aria-label=\"Leer m\u00e1s sobre El estudio\">Leer m\u00e1s<\/a><\/p>\n","protected":false},"author":1,"featured_media":0,"parent":0,"menu_order":0,"comment_status":"closed","ping_status":"closed","template":"","meta":{"inline_featured_image":false,"footnotes":""},"class_list":["post-402","page","type-page","status-publish"],"_links":{"self":[{"href":"https:\/\/monkadesignstudio.com\/es\/wp-json\/wp\/v2\/pages\/402","targetHints":{"allow":["GET"]}}],"collection":[{"href":"https:\/\/monkadesignstudio.com\/es\/wp-json\/wp\/v2\/pages"}],"about":[{"href":"https:\/\/monkadesignstudio.com\/es\/wp-json\/wp\/v2\/types\/page"}],"author":[{"embeddable":true,"href":"https:\/\/monkadesignstudio.com\/es\/wp-json\/wp\/v2\/users\/1"}],"replies":[{"embeddable":true,"href":"https:\/\/monkadesignstudio.com\/es\/wp-json\/wp\/v2\/comments?post=402"}],"version-history":[{"count":4,"href":"https:\/\/monkadesignstudio.com\/es\/wp-json\/wp\/v2\/pages\/402\/revisions"}],"predecessor-version":[{"id":519,"href":"https:\/\/monkadesignstudio.com\/es\/wp-json\/wp\/v2\/pages\/402\/revisions\/519"}],"wp:attachment":[{"href":"https:\/\/monkadesignstudio.com\/es\/wp-json\/wp\/v2\/media?parent=402"}],"curies":[{"name":"wp","href":"https:\/\/api.w.org\/{rel}","templated":true}]}}