{"id":394,"date":"2025-11-11T12:53:36","date_gmt":"2025-11-11T12:53:36","guid":{"rendered":"https:\/\/monkadesignstudio.com\/services\/"},"modified":"2025-11-17T17:08:15","modified_gmt":"2025-11-17T17:08:15","slug":"servicios","status":"publish","type":"page","link":"https:\/\/monkadesignstudio.com\/es\/servicios\/","title":{"rendered":"Servicios"},"content":{"rendered":"\n<div class=\"section-py gb-element-11280480\">\n<div class=\"gb-element-7e80d49a\">\n<h1 class=\"gb-text animate-on-scroll animate-delay-1 fadeInUp gb-text-7e3b385f\">Qu\u00e9 ofrecemos<\/h1>\n\n\n\n<p class=\"gb-text fadeInUp animate-delay-2 animate-on-scroll gb-text-fab0edda\"><strong>SOLUCIONES A MEDIDA PARA CADA ETAPA DE TU PROCESO DE PRODUCCI\u00d3N<\/strong> de<strong> ART\u00cdCULOS DE PIEL EN UBRIQUE<\/strong>, ya sean bolsos o peque\u00f1a marroquiner\u00eda. Aportamos visi\u00f3n t\u00e9cnica, claridad y estructura a todo el proceso.<br><br>Nuestro enfoque pr\u00e1ctico &amp; colaborativo y nuestro profundo conocimiento del sector ayudan a cerrar la brecha entre los equipos de dise\u00f1o &amp; desarrollo con los de producci\u00f3n.<br><br>Estamos en <strong>CONTACTO DIRECTO CON PROVEEDORES Y F\u00c1BRICAS<\/strong> y llevamos a cabo un seguimiento cercano de todas las fases de prototipado y producci\u00f3n asegur\u00e1ndonos de que vuestras ideas se convierten en productos de calidad.<\/p>\n<\/div>\n<\/div>\n\n\n\n<div class=\"section-py what-we-offer gb-element-eb285d46\">\n<div class=\"gb-element-0fe7eac9\">\n<div class=\"animate-on-scroll animate-delay-1 fadeIn gb-element-387fc74c\">\n<p class=\"gb-text gb-text-6c43b46b\">1<\/p>\n<\/div>\n\n\n\n<div class=\"fadeInDown animate-on-scroll animate-delay-2 gb-element-fa0755ae\">\n<div class=\"gb-element-c8eebef6\">\n<h2 class=\"gb-text\"><strong>Desarrollo de Nuevos Productos<\/strong><\/h2>\n\n\n\n<p class=\"gb-text\"><strong>Desde la idea hasta el prototipo<\/strong>, te guiamos a trav\u00e9s de las diversas etapas creativas y t\u00e9cnicas del desarrollo de tu nuevo dise\u00f1o en piel.<br>Trabajamos contigo de cerca para definir los materiales, las especificaciones t\u00e9cnicas y de dise\u00f1o garantizando siempre la viabilidad del proyecto.<\/p>\n<\/div>\n\n\n\n<div class=\"gb-element-a80c1c39\">\n<img loading=\"lazy\" decoding=\"async\" width=\"998\" height=\"706\" class=\"gb-media-ae1597e3\" alt=\"Leather bag design templates with golden metal logo pieces placed on top of the pattern sheets.\" src=\"https:\/\/monkadesignstudio.com\/wp-content\/uploads\/2025\/11\/bag-patterns-with-metal-logo.jpg\" title=\"bag-patterns-with-metal-logo\" srcset=\"https:\/\/monkadesignstudio.com\/wp-content\/uploads\/2025\/11\/bag-patterns-with-metal-logo.jpg 998w, https:\/\/monkadesignstudio.com\/wp-content\/uploads\/2025\/11\/bag-patterns-with-metal-logo-300x212.jpg 300w, https:\/\/monkadesignstudio.com\/wp-content\/uploads\/2025\/11\/bag-patterns-with-metal-logo-768x543.jpg 768w\" sizes=\"auto, (max-width: 998px) 100vw, 998px\" \/>\n<\/div>\n<\/div>\n<\/div>\n\n\n\n<div class=\"gb-element-f5a8c9be\">\n<div class=\"animate-on-scroll animate-delay-1 fadeIn gb-element-456f8df2\">\n<p class=\"gb-text gb-text-d11b3534\">2<\/p>\n<\/div>\n\n\n\n<div class=\"animate-on-scroll animate-delay-2 fadeInDown gb-element-7fabf503\">\n<div class=\"gb-element-9f2dfa32\">\n<img loading=\"lazy\" decoding=\"async\" width=\"1016\" height=\"706\" class=\"gb-media-864847db\" alt=\"Leather bag design templates with golden metal logo pieces placed on top of the pattern sheets.\" src=\"https:\/\/monkadesignstudio.com\/wp-content\/uploads\/2025\/11\/leather-handbag-prototypes-in-workshop.jpg\" title=\"bag-patterns-with-metal-logo\" srcset=\"https:\/\/monkadesignstudio.com\/wp-content\/uploads\/2025\/11\/leather-handbag-prototypes-in-workshop.jpg 1016w, https:\/\/monkadesignstudio.com\/wp-content\/uploads\/2025\/11\/leather-handbag-prototypes-in-workshop-300x208.jpg 300w, https:\/\/monkadesignstudio.com\/wp-content\/uploads\/2025\/11\/leather-handbag-prototypes-in-workshop-768x534.jpg 768w\" sizes=\"auto, (max-width: 1016px) 100vw, 1016px\" \/>\n<\/div>\n\n\n\n<div class=\"gb-element-91d77853\">\n<h2 class=\"gb-text\"><strong>Gesti\u00f3n de la producci\u00f3n<\/strong><\/h2>\n\n\n\n<p class=\"gb-text\"><strong>Supervisamos todo el ciclo de producci\u00f3n<\/strong>, coordinando con proveedores y fabricantes para asegurarnos de que los precios y tiempos de entrega se respetan. Nuestra comunicaci\u00f3n e implicaci\u00f3n diaria con los talleres minimiza riesgos y favorece la buena relaci\u00f3n de los talleres con el cliente.<\/p>\n<\/div>\n<\/div>\n<\/div>\n\n\n\n<div class=\"gb-element-6a7b6df2\">\n<div class=\"fadeIn animate-delay-1 animate-on-scroll gb-element-303731ac\">\n<p class=\"gb-text gb-text-8e4fbad0\">3<\/p>\n<\/div>\n\n\n\n<div class=\"animate-on-scroll animate-delay-2 fadeInDown gb-element-b83fa3e5\">\n<div class=\"gb-element-59eda639\">\n<h2 class=\"gb-text\"><strong>Control de calidad<\/strong><\/h2>\n\n\n\n<p class=\"gb-text\">Nuestro <strong>riguroso proceso de control de calidad<\/strong> garantiza que tus productos cumplan con los m\u00e1s altos est\u00e1ndares. Te ayudamos a verificar que todo est\u00e9 perfecto antes de que la mercanc\u00eda llegue a su destino. Revisamos el producto conforme a las especificaciones t\u00e9cnicas y de calidad, tanto de materias primas,&nbsp; acabados, costuras, herrajes y fabricaci\u00f3n.<\/p>\n<\/div>\n\n\n\n<div class=\"gb-element-9887947d\">\n<img loading=\"lazy\" decoding=\"async\" width=\"940\" height=\"706\" class=\"gb-media-b6c8b79d\" alt=\"Close-up of a pink suede handbag showing the zipper and stitching details on a light background.\" src=\"https:\/\/monkadesignstudio.com\/wp-content\/uploads\/2025\/11\/pink-suede-handbag-zip-detail.jpg\" title=\"pink-suede-handbag-zip-detail\" srcset=\"https:\/\/monkadesignstudio.com\/wp-content\/uploads\/2025\/11\/pink-suede-handbag-zip-detail.jpg 940w, https:\/\/monkadesignstudio.com\/wp-content\/uploads\/2025\/11\/pink-suede-handbag-zip-detail-300x225.jpg 300w, https:\/\/monkadesignstudio.com\/wp-content\/uploads\/2025\/11\/pink-suede-handbag-zip-detail-768x577.jpg 768w\" sizes=\"auto, (max-width: 940px) 100vw, 940px\" \/>\n<\/div>\n<\/div>\n<\/div>\n\n\n\n<div class=\"gb-element-e7a8d64c\">\n<div class=\"animate-on-scroll animate-delay-1 fadeIn gb-element-f4f9a380\">\n<p class=\"gb-text gb-text-bb68c39b\">4<\/p>\n<\/div>\n\n\n\n<div class=\"animate-on-scroll animate-delay-2 fadeInDown gb-element-305283d3\">\n<div class=\"gb-element-f3fc2075\">\n<img loading=\"lazy\" decoding=\"async\" width=\"1148\" height=\"706\" class=\"gb-media-c353fbd6\" alt=\"Assorted leather color swatches arranged on a table, showcasing different textures and shades used in handbag design.\" src=\"https:\/\/monkadesignstudio.com\/wp-content\/uploads\/2025\/11\/leather-color-swatches-for-handbag-design.jpg\" title=\"leather-color-swatches-for-handbag-design.\" srcset=\"https:\/\/monkadesignstudio.com\/wp-content\/uploads\/2025\/11\/leather-color-swatches-for-handbag-design.jpg 1148w, https:\/\/monkadesignstudio.com\/wp-content\/uploads\/2025\/11\/leather-color-swatches-for-handbag-design-300x184.jpg 300w, https:\/\/monkadesignstudio.com\/wp-content\/uploads\/2025\/11\/leather-color-swatches-for-handbag-design-1024x630.jpg 1024w, https:\/\/monkadesignstudio.com\/wp-content\/uploads\/2025\/11\/leather-color-swatches-for-handbag-design-768x472.jpg 768w\" sizes=\"auto, (max-width: 1148px) 100vw, 1148px\" \/>\n<\/div>\n\n\n\n<div class=\"gb-element-f3bf51c4\">\n<h2 class=\"gb-text\"><strong>Consultor\u00eda<\/strong><\/h2>\n\n\n\n<p class=\"gb-text\">Ofrecemos <strong>consultor\u00eda estrat\u00e9gica <\/strong>adaptada a las necesidades de tu negocio, que abarca <strong>viabilidad t\u00e9cnica del proyecto, materiales,&nbsp; auditor\u00eda de procesos, estrategias de precios, pr\u00e1cticas sostenibles, soluciones de almacenaje<\/strong> y mucho m\u00e1s.<\/p>\n<\/div>\n<\/div>\n<\/div>\n<\/div>\n","protected":false},"excerpt":{"rendered":"<p>Qu\u00e9 ofrecemos SOLUCIONES A MEDIDA PARA CADA ETAPA DE TU PROCESO DE PRODUCCI\u00d3N de ART\u00cdCULOS DE PIEL EN UBRIQUE, ya sean bolsos o peque\u00f1a marroquiner\u00eda. Aportamos visi\u00f3n t\u00e9cnica, claridad y estructura a todo el proceso. Nuestro enfoque pr\u00e1ctico &amp; colaborativo y nuestro profundo conocimiento del sector ayudan a cerrar la brecha entre los equipos de &#8230; <a title=\"Servicios\" class=\"read-more\" href=\"https:\/\/monkadesignstudio.com\/es\/servicios\/\" aria-label=\"Leer m\u00e1s sobre Servicios\">Leer m\u00e1s<\/a><\/p>\n","protected":false},"author":1,"featured_media":0,"parent":0,"menu_order":0,"comment_status":"closed","ping_status":"closed","template":"","meta":{"inline_featured_image":false,"footnotes":""},"class_list":["post-394","page","type-page","status-publish"],"_links":{"self":[{"href":"https:\/\/monkadesignstudio.com\/es\/wp-json\/wp\/v2\/pages\/394","targetHints":{"allow":["GET"]}}],"collection":[{"href":"https:\/\/monkadesignstudio.com\/es\/wp-json\/wp\/v2\/pages"}],"about":[{"href":"https:\/\/monkadesignstudio.com\/es\/wp-json\/wp\/v2\/types\/page"}],"author":[{"embeddable":true,"href":"https:\/\/monkadesignstudio.com\/es\/wp-json\/wp\/v2\/users\/1"}],"replies":[{"embeddable":true,"href":"https:\/\/monkadesignstudio.com\/es\/wp-json\/wp\/v2\/comments?post=394"}],"version-history":[{"count":6,"href":"https:\/\/monkadesignstudio.com\/es\/wp-json\/wp\/v2\/pages\/394\/revisions"}],"predecessor-version":[{"id":452,"href":"https:\/\/monkadesignstudio.com\/es\/wp-json\/wp\/v2\/pages\/394\/revisions\/452"}],"wp:attachment":[{"href":"https:\/\/monkadesignstudio.com\/es\/wp-json\/wp\/v2\/media?parent=394"}],"curies":[{"name":"wp","href":"https:\/\/api.w.org\/{rel}","templated":true}]}}